{"id":9466,"date":"2018-06-21T19:38:29","date_gmt":"2018-06-21T19:38:29","guid":{"rendered":"http:\/\/projeteoliendescultures.com\/documents\/"},"modified":"2024-05-17T20:15:23","modified_gmt":"2024-05-17T20:15:23","slug":"documents","status":"publish","type":"page","link":"https:\/\/projeteoliendescultures.com\/en\/documents\/","title":{"rendered":"Documents"},"content":{"rendered":"\r\n<section class=\"sh-section sh-section-9d11bff579d790cf10d9e221782a3116 fw-main-row sh-section-visibility-everywhere\">\r\n\t\r\n\t\r\n\t<div class=\"sh-section-container container\">\r\n\t\t<div class=\"fw-row\">\n\t\r\n<div class=\"sh-column sh-column-3acfe4ad6e029c7700cb365bac96af5c fw-col-xs-12\" >\r\n\r\n\t\r\n\t<div class=\"sh-column-wrapper\">\r\n\t\t\r\n<div class=\"sh-heading  \" id=\"heading-96fefc37887e2ddc9d13ad633bc9c634\">\r\n\t<div class=\"sh-element-margin\">\r\n\r\n\t\t\r\n\t\t\t<h1 class=\"sh-heading-content size-xl text-center\">\r\n\t\t\t\tDocuments\t\t\t<\/h1>\r\n\r\n\t\t\r\n\t<\/div>\r\n<\/div>\r\n\t<\/div>\r\n\r\n\r\n\t\t\r\n\r\n<\/div>\r\n<\/div>\n\n<div class=\"fw-row\">\n\t\r\n<div class=\"sh-column sh-column-3acfe4ad6e029c7700cb365bac96af5c fw-col-xs-12\" >\r\n\r\n\t\r\n\t<div class=\"sh-column-wrapper\">\r\n\t\t\r\n<div id=\"text-block-bd7323a7d84a5bebce4a1f7ef15757d1\" class=\"sh-text-block\">\r\n\t<p><strong>INFORMATION SESSION PRESENTATIONS<\/strong><\/p><ul><li>Virtual Public Meeting May 4, 2021<br \/>\u00bb <a href=\"https:\/\/projeteoliendescultures.com\/wp-content\/uploads\/2021\/05\/Q-R-Des-Cultures_E3-2.pdf\">View the summary of the Q&amp;A<\/a><\/li><\/ul><p style=\"padding-left: 40px;\">\u00bb <a href=\"https:\/\/projeteoliendescultures.com\/en\/virtual-public-meeting-for-the-construction-of-the-des-cultures-wind-farm-project\/\">View the presentation<\/a> (French only)<\/p><ul><li>Open Houses for the start-up of construction work \u2013 August 18 and 19, 2020 (held at Kruger Energy\u2019s Office in Saint-R\u00e9mi)<br \/>\u00bb <a href=\"\/wp-content\/uploads\/2020\/08\/KE_Des_Cultures_Portes_ouvertes_2020_Panneaux_36x24_complet.pdf\">View the presentation<\/a> (French only)<\/li><li>Public Information Session - November 15, 2018 (Kahnaw\u00e0:ke).<br \/>\u00bb <a href=\"\/wp-content\/uploads\/2018\/11\/15-11-2018_Presentation-rencontre-publique-Kahnawake_Document.pdf\">View the presentation<\/a><\/li><li>Public information Sessions - November 26 and 29, 2018 (Saint-R\u00e9mi and Saint-Michel).<br \/>\u00bb <a href=\"\/wp-content\/uploads\/2018\/12\/KE_Panneaux_36x24_NOV_2018_Complet_compress\u00e9.pdf\">View the presentation<\/a> (<i>French only)\u00a0<\/i><\/li><\/ul><p><strong>ENVIRONMENTAL IMPACT STUDY<\/strong><\/p><ul><li>Full document (available on the MELCC website <em>(French only)<\/em> - under the tab 'Recevabilit\u00e9 de l'\u00e9tude d'impact').<br \/>\u00bb <a href=\"http:\/\/www.ree.environnement.gouv.qc.ca\/projet.asp?no_dossier=3211-12-241\">Visit the website<\/a><\/li><li>Executive Summary (December 2018).<br \/>\u00bb <a href=\"\/wp-content\/uploads\/2019\/01\/Impact-Environnemental_R\u00e9sum\u00e9-ex\u00e9cutif_181218_GC_F2.pdf\">View the document<\/a><strong><br \/><\/strong><\/li><\/ul><p><strong>ENVIRONMENTAL FOLLOW-UP<\/strong><\/p><ul><li>Environmental follow-up achieved to date:<br \/>\u00bb <a href=\"https:\/\/www.ree.environnement.gouv.qc.ca\/projet.asp?no_dossier=3211-12-241\" target=\"_blank\" rel=\"noopener\">Visit the website<\/a><\/li><\/ul><p><strong>PUBLIC NOTICES<\/strong><\/p><ul><li>Public notice (June 12, 2019) - Public information period on the Des Cultures Wind farm Project in Saint-R\u00e9mi and Saint-Michel by Des Cultures Renewable Energy L.P.<br \/>\u00bb <a href=\"\/wp-content\/uploads\/2019\/08\/KrugerEnergy_Public_Notice_TheEasternDoor_v5_HR.pdf\">View the document<\/a><\/li><li>Public notice (October 3, 2018) -\u00a0 Beginning of Project\u2019s Environmental Impact Assessment Des Cultures Wind Farm Project on Land in the Municipalities of Saint-R\u00e9mi and Saint-Michel in the Jardins-de-Napierville RCM.<br \/>\u00bb <a href=\"\/wp-content\/uploads\/2018\/10\/KrugerEnergy_Public_Notice_Lorie-wase_v2.pdf\">View the document<\/a><\/li><\/ul><p><strong>BAPE PROCESS<\/strong><\/p><ul><li>Report on the Public Information Period\u00a0from the\u00a0<i>Bureau des audiences publiques du Qu\u00e9bec (BAPE) <\/i>which took place from June 18 to July 18, 2019.<br \/>\u00bb <a href=\"\/wp-content\/uploads\/2019\/08\/AV3.pdf\">View the report<\/a>\u00a0<em>(French only)<\/em><\/li><\/ul><p><strong>PRESS RELEASES<\/strong><\/p><ul><li>Kick off construction of the Des Cultures wind farm, August 31st, 2020 (St-R\u00e9mi)<br \/>\u00bb <a href=\"\/wp-content\/uploads\/2020\/08\/2020-08-31_Commun.DesCultures_Travaux_EN.pdf\" target=\"_blank\" rel=\"noopener\">View the press release<\/a><\/li><\/ul><\/div>\r\n\t<\/div>\r\n\r\n\r\n\t\t\r\n\r\n<\/div>\r\n<\/div>\n\n\t<\/div>\r\n<\/section>\r\n\n","protected":false},"excerpt":{"rendered":"<p>Documents INFORMATION SESSION PRESENTATIONSVirtual Public Meeting May 4, 2021\u00bb View the summary of the Q&amp;A\u00bb View the presentation (French only)Open Houses for the start-up of construction work \u2013 August 18 and 19, 2020 (held at Kruger Energy\u2019s Office in Saint-R\u00e9mi)\u00bb View the presentation (French only)Public&#8230;<\/p>\n","protected":false},"author":1,"featured_media":0,"parent":0,"menu_order":0,"comment_status":"closed","ping_status":"closed","template":"","meta":{"footnotes":""},"class_list":["post-9466","page","type-page","status-publish","hentry"],"yoast_head":"<!-- This site is optimized with the Yoast SEO plugin v27.3 - https:\/\/yoast.com\/product\/yoast-seo-wordpress\/ -->\n<title>Documents - Projet eolien des cultures<\/title>\n<meta name=\"robots\" content=\"index, follow, max-snippet:-1, max-image-preview:large, max-video-preview:-1\" \/>\n<link rel=\"canonical\" href=\"https:\/\/projeteoliendescultures.com\/en\/documents\/\" \/>\n<meta property=\"og:locale\" content=\"en_US\" \/>\n<meta property=\"og:type\" content=\"article\" \/>\n<meta property=\"og:title\" content=\"Documents - Projet eolien des cultures\" \/>\n<meta property=\"og:description\" content=\"Documents INFORMATION SESSION PRESENTATIONSVirtual Public Meeting May 4, 2021\u00bb View the summary of the Q&amp;A\u00bb View the presentation (French only)Open Houses for the start-up of construction work \u2013 August 18 and 19, 2020 (held at Kruger Energy\u2019s Office in Saint-R\u00e9mi)\u00bb View the presentation (French only)Public...\" \/>\n<meta property=\"og:url\" content=\"https:\/\/projeteoliendescultures.com\/en\/documents\/\" \/>\n<meta property=\"og:site_name\" content=\"Projet eolien des cultures\" \/>\n<meta property=\"article:modified_time\" content=\"2024-05-17T20:15:23+00:00\" \/>\n<meta name=\"twitter:card\" content=\"summary_large_image\" \/>\n<meta name=\"twitter:label1\" content=\"Est. reading time\" \/>\n\t<meta name=\"twitter:data1\" content=\"2 minutes\" \/>\n<script type=\"application\/ld+json\" class=\"yoast-schema-graph\">{\"@context\":\"https:\\\/\\\/schema.org\",\"@graph\":[{\"@type\":\"WebPage\",\"@id\":\"https:\\\/\\\/projeteoliendescultures.com\\\/en\\\/documents\\\/\",\"url\":\"https:\\\/\\\/projeteoliendescultures.com\\\/en\\\/documents\\\/\",\"name\":\"Documents - Projet eolien des cultures\",\"isPartOf\":{\"@id\":\"https:\\\/\\\/projeteoliendescultures.com\\\/#website\"},\"datePublished\":\"2018-06-21T19:38:29+00:00\",\"dateModified\":\"2024-05-17T20:15:23+00:00\",\"breadcrumb\":{\"@id\":\"https:\\\/\\\/projeteoliendescultures.com\\\/en\\\/documents\\\/#breadcrumb\"},\"inLanguage\":\"en-US\",\"potentialAction\":[{\"@type\":\"ReadAction\",\"target\":[\"https:\\\/\\\/projeteoliendescultures.com\\\/en\\\/documents\\\/\"]}]},{\"@type\":\"BreadcrumbList\",\"@id\":\"https:\\\/\\\/projeteoliendescultures.com\\\/en\\\/documents\\\/#breadcrumb\",\"itemListElement\":[{\"@type\":\"ListItem\",\"position\":1,\"name\":\"Accueil\",\"item\":\"https:\\\/\\\/projeteoliendescultures.com\\\/en\\\/\"},{\"@type\":\"ListItem\",\"position\":2,\"name\":\"Documents\"}]},{\"@type\":\"WebSite\",\"@id\":\"https:\\\/\\\/projeteoliendescultures.com\\\/#website\",\"url\":\"https:\\\/\\\/projeteoliendescultures.com\\\/\",\"name\":\"Projet eolien des cultures\",\"description\":\"\",\"potentialAction\":[{\"@type\":\"SearchAction\",\"target\":{\"@type\":\"EntryPoint\",\"urlTemplate\":\"https:\\\/\\\/projeteoliendescultures.com\\\/?s={search_term_string}\"},\"query-input\":{\"@type\":\"PropertyValueSpecification\",\"valueRequired\":true,\"valueName\":\"search_term_string\"}}],\"inLanguage\":\"en-US\"}]}<\/script>\n<!-- \/ Yoast SEO plugin. -->","yoast_head_json":{"title":"Documents - Projet eolien des cultures","robots":{"index":"index","follow":"follow","max-snippet":"max-snippet:-1","max-image-preview":"max-image-preview:large","max-video-preview":"max-video-preview:-1"},"canonical":"https:\/\/projeteoliendescultures.com\/en\/documents\/","og_locale":"en_US","og_type":"article","og_title":"Documents - Projet eolien des cultures","og_description":"Documents INFORMATION SESSION PRESENTATIONSVirtual Public Meeting May 4, 2021\u00bb View the summary of the Q&amp;A\u00bb View the presentation (French only)Open Houses for the start-up of construction work \u2013 August 18 and 19, 2020 (held at Kruger Energy\u2019s Office in Saint-R\u00e9mi)\u00bb View the presentation (French only)Public...","og_url":"https:\/\/projeteoliendescultures.com\/en\/documents\/","og_site_name":"Projet eolien des cultures","article_modified_time":"2024-05-17T20:15:23+00:00","twitter_card":"summary_large_image","twitter_misc":{"Est. reading time":"2 minutes"},"schema":{"@context":"https:\/\/schema.org","@graph":[{"@type":"WebPage","@id":"https:\/\/projeteoliendescultures.com\/en\/documents\/","url":"https:\/\/projeteoliendescultures.com\/en\/documents\/","name":"Documents - Projet eolien des cultures","isPartOf":{"@id":"https:\/\/projeteoliendescultures.com\/#website"},"datePublished":"2018-06-21T19:38:29+00:00","dateModified":"2024-05-17T20:15:23+00:00","breadcrumb":{"@id":"https:\/\/projeteoliendescultures.com\/en\/documents\/#breadcrumb"},"inLanguage":"en-US","potentialAction":[{"@type":"ReadAction","target":["https:\/\/projeteoliendescultures.com\/en\/documents\/"]}]},{"@type":"BreadcrumbList","@id":"https:\/\/projeteoliendescultures.com\/en\/documents\/#breadcrumb","itemListElement":[{"@type":"ListItem","position":1,"name":"Accueil","item":"https:\/\/projeteoliendescultures.com\/en\/"},{"@type":"ListItem","position":2,"name":"Documents"}]},{"@type":"WebSite","@id":"https:\/\/projeteoliendescultures.com\/#website","url":"https:\/\/projeteoliendescultures.com\/","name":"Projet eolien des cultures","description":"","potentialAction":[{"@type":"SearchAction","target":{"@type":"EntryPoint","urlTemplate":"https:\/\/projeteoliendescultures.com\/?s={search_term_string}"},"query-input":{"@type":"PropertyValueSpecification","valueRequired":true,"valueName":"search_term_string"}}],"inLanguage":"en-US"}]}},"_links":{"self":[{"href":"https:\/\/projeteoliendescultures.com\/en\/wp-json\/wp\/v2\/pages\/9466","targetHints":{"allow":["GET"]}}],"collection":[{"href":"https:\/\/projeteoliendescultures.com\/en\/wp-json\/wp\/v2\/pages"}],"about":[{"href":"https:\/\/projeteoliendescultures.com\/en\/wp-json\/wp\/v2\/types\/page"}],"author":[{"embeddable":true,"href":"https:\/\/projeteoliendescultures.com\/en\/wp-json\/wp\/v2\/users\/1"}],"replies":[{"embeddable":true,"href":"https:\/\/projeteoliendescultures.com\/en\/wp-json\/wp\/v2\/comments?post=9466"}],"version-history":[{"count":14,"href":"https:\/\/projeteoliendescultures.com\/en\/wp-json\/wp\/v2\/pages\/9466\/revisions"}],"predecessor-version":[{"id":10444,"href":"https:\/\/projeteoliendescultures.com\/en\/wp-json\/wp\/v2\/pages\/9466\/revisions\/10444"}],"wp:attachment":[{"href":"https:\/\/projeteoliendescultures.com\/en\/wp-json\/wp\/v2\/media?parent=9466"}],"curies":[{"name":"wp","href":"https:\/\/api.w.org\/{rel}","templated":true}]}}